{"id":101,"date":"2020-06-16T11:17:53","date_gmt":"2020-06-16T09:17:53","guid":{"rendered":"https:\/\/designs.cloud1.sbg.digilix.fr\/theme-commerce\/?page_id=101"},"modified":"2020-06-16T11:17:53","modified_gmt":"2020-06-16T09:17:53","slug":"mentions-legales-politique-de-confidentialite","status":"publish","type":"page","link":"https:\/\/designs.cloud1.sbg.digilix.fr\/theme-commerce\/mentions-legales-politique-de-confidentialite.html","title":{"rendered":"Mentions L\u00e9gales &#038; Politique de confidentialit\u00e9"},"content":{"rendered":"\n","protected":false},"excerpt":{"rendered":"","protected":false},"author":1,"featured_media":0,"parent":0,"menu_order":0,"comment_status":"closed","ping_status":"closed","template":"","meta":{"_acf_changed":false,"footnotes":""},"class_list":["post-101","page","type-page","status-publish","hentry"],"acf":[],"yoast_head":"<!-- This site is optimized with the Yoast SEO plugin v26.8 - https:\/\/yoast.com\/product\/yoast-seo-wordpress\/ -->\n<title>Mentions L\u00e9gales &amp; Politique de confidentialit\u00e9 - Th\u00e8me Commerce (ne pas supprimer)<\/title>\n<meta name=\"robots\" content=\"noindex, follow, max-snippet:-1, max-image-preview:large, max-video-preview:-1\" \/>\n<meta property=\"og:locale\" content=\"fr_FR\" \/>\n<meta property=\"og:type\" content=\"article\" \/>\n<meta property=\"og:title\" content=\"Mentions L\u00e9gales &amp; Politique de confidentialit\u00e9 - Th\u00e8me Commerce (ne pas supprimer)\" \/>\n<meta property=\"og:url\" content=\"https:\/\/designs.cloud1.sbg.digilix.fr\/theme-commerce\/mentions-legales-politique-de-confidentialite.html\" \/>\n<meta property=\"og:site_name\" content=\"Th\u00e8me Commerce (ne pas supprimer)\" \/>\n<meta name=\"twitter:card\" content=\"summary_large_image\" \/>\n<script type=\"application\/ld+json\" class=\"yoast-schema-graph\">{\"@context\":\"https:\/\/schema.org\",\"@graph\":[{\"@type\":\"WebPage\",\"@id\":\"https:\/\/designs.cloud1.sbg.digilix.fr\/theme-commerce\/mentions-legales-politique-de-confidentialite.html\",\"url\":\"https:\/\/designs.cloud1.sbg.digilix.fr\/theme-commerce\/mentions-legales-politique-de-confidentialite.html\",\"name\":\"Mentions L\u00e9gales & Politique de confidentialit\u00e9 - Th\u00e8me Commerce (ne pas supprimer)\",\"isPartOf\":{\"@id\":\"https:\/\/designs.cloud1.sbg.digilix.fr\/theme-commerce\/#website\"},\"datePublished\":\"2020-06-16T09:17:53+00:00\",\"breadcrumb\":{\"@id\":\"https:\/\/designs.cloud1.sbg.digilix.fr\/theme-commerce\/mentions-legales-politique-de-confidentialite.html#breadcrumb\"},\"inLanguage\":\"fr-FR\",\"potentialAction\":[{\"@type\":\"ReadAction\",\"target\":[\"https:\/\/designs.cloud1.sbg.digilix.fr\/theme-commerce\/mentions-legales-politique-de-confidentialite.html\"]}]},{\"@type\":\"BreadcrumbList\",\"@id\":\"https:\/\/designs.cloud1.sbg.digilix.fr\/theme-commerce\/mentions-legales-politique-de-confidentialite.html#breadcrumb\",\"itemListElement\":[{\"@type\":\"ListItem\",\"position\":1,\"name\":\"Accueil\",\"item\":\"https:\/\/designs.cloud1.sbg.digilix.fr\/theme-commerce\/\"},{\"@type\":\"ListItem\",\"position\":2,\"name\":\"Mentions L\u00e9gales &#038; Politique de confidentialit\u00e9\"}]},{\"@type\":\"WebSite\",\"@id\":\"https:\/\/designs.cloud1.sbg.digilix.fr\/theme-commerce\/#website\",\"url\":\"https:\/\/designs.cloud1.sbg.digilix.fr\/theme-commerce\/\",\"name\":\"Th\u00e8me Commerce (ne pas supprimer)\",\"description\":\"Un site utilisant Les sites de Design Cloud Digilix\",\"potentialAction\":[{\"@type\":\"SearchAction\",\"target\":{\"@type\":\"EntryPoint\",\"urlTemplate\":\"https:\/\/designs.cloud1.sbg.digilix.fr\/theme-commerce\/?s={search_term_string}\"},\"query-input\":{\"@type\":\"PropertyValueSpecification\",\"valueRequired\":true,\"valueName\":\"search_term_string\"}}],\"inLanguage\":\"fr-FR\"}]}<\/script>\n<!-- \/ Yoast SEO plugin. -->","yoast_head_json":{"title":"Mentions L\u00e9gales & Politique de confidentialit\u00e9 - Th\u00e8me Commerce (ne pas supprimer)","robots":{"index":"noindex","follow":"follow","max-snippet":"max-snippet:-1","max-image-preview":"max-image-preview:large","max-video-preview":"max-video-preview:-1"},"og_locale":"fr_FR","og_type":"article","og_title":"Mentions L\u00e9gales & Politique de confidentialit\u00e9 - Th\u00e8me Commerce (ne pas supprimer)","og_url":"https:\/\/designs.cloud1.sbg.digilix.fr\/theme-commerce\/mentions-legales-politique-de-confidentialite.html","og_site_name":"Th\u00e8me Commerce (ne pas supprimer)","twitter_card":"summary_large_image","schema":{"@context":"https:\/\/schema.org","@graph":[{"@type":"WebPage","@id":"https:\/\/designs.cloud1.sbg.digilix.fr\/theme-commerce\/mentions-legales-politique-de-confidentialite.html","url":"https:\/\/designs.cloud1.sbg.digilix.fr\/theme-commerce\/mentions-legales-politique-de-confidentialite.html","name":"Mentions L\u00e9gales & Politique de confidentialit\u00e9 - Th\u00e8me Commerce (ne pas supprimer)","isPartOf":{"@id":"https:\/\/designs.cloud1.sbg.digilix.fr\/theme-commerce\/#website"},"datePublished":"2020-06-16T09:17:53+00:00","breadcrumb":{"@id":"https:\/\/designs.cloud1.sbg.digilix.fr\/theme-commerce\/mentions-legales-politique-de-confidentialite.html#breadcrumb"},"inLanguage":"fr-FR","potentialAction":[{"@type":"ReadAction","target":["https:\/\/designs.cloud1.sbg.digilix.fr\/theme-commerce\/mentions-legales-politique-de-confidentialite.html"]}]},{"@type":"BreadcrumbList","@id":"https:\/\/designs.cloud1.sbg.digilix.fr\/theme-commerce\/mentions-legales-politique-de-confidentialite.html#breadcrumb","itemListElement":[{"@type":"ListItem","position":1,"name":"Accueil","item":"https:\/\/designs.cloud1.sbg.digilix.fr\/theme-commerce\/"},{"@type":"ListItem","position":2,"name":"Mentions L\u00e9gales &#038; Politique de confidentialit\u00e9"}]},{"@type":"WebSite","@id":"https:\/\/designs.cloud1.sbg.digilix.fr\/theme-commerce\/#website","url":"https:\/\/designs.cloud1.sbg.digilix.fr\/theme-commerce\/","name":"Th\u00e8me Commerce (ne pas supprimer)","description":"Un site utilisant Les sites de Design Cloud Digilix","potentialAction":[{"@type":"SearchAction","target":{"@type":"EntryPoint","urlTemplate":"https:\/\/designs.cloud1.sbg.digilix.fr\/theme-commerce\/?s={search_term_string}"},"query-input":{"@type":"PropertyValueSpecification","valueRequired":true,"valueName":"search_term_string"}}],"inLanguage":"fr-FR"}]}},"_links":{"self":[{"href":"https:\/\/designs.cloud1.sbg.digilix.fr\/theme-commerce\/wp-json\/wp\/v2\/pages\/101","targetHints":{"allow":["GET"]}}],"collection":[{"href":"https:\/\/designs.cloud1.sbg.digilix.fr\/theme-commerce\/wp-json\/wp\/v2\/pages"}],"about":[{"href":"https:\/\/designs.cloud1.sbg.digilix.fr\/theme-commerce\/wp-json\/wp\/v2\/types\/page"}],"author":[{"embeddable":true,"href":"https:\/\/designs.cloud1.sbg.digilix.fr\/theme-commerce\/wp-json\/wp\/v2\/users\/1"}],"replies":[{"embeddable":true,"href":"https:\/\/designs.cloud1.sbg.digilix.fr\/theme-commerce\/wp-json\/wp\/v2\/comments?post=101"}],"version-history":[{"count":0,"href":"https:\/\/designs.cloud1.sbg.digilix.fr\/theme-commerce\/wp-json\/wp\/v2\/pages\/101\/revisions"}],"wp:attachment":[{"href":"https:\/\/designs.cloud1.sbg.digilix.fr\/theme-commerce\/wp-json\/wp\/v2\/media?parent=101"}],"curies":[{"name":"wp","href":"https:\/\/api.w.org\/{rel}","templated":true}]}}