{"id":112,"date":"2025-11-20T11:07:20","date_gmt":"2025-11-20T10:07:20","guid":{"rendered":"https:\/\/designs.cloud1.sbg.digilix.fr\/theme-hotel2\/?page_id=112"},"modified":"2025-11-21T17:39:02","modified_gmt":"2025-11-21T16:39:02","slug":"nos-services","status":"publish","type":"page","link":"https:\/\/designs.cloud1.sbg.digilix.fr\/theme-hotel2-2025\/nos-services\/","title":{"rendered":"Nos Services"},"content":{"rendered":"\t\t<div data-elementor-type=\"wp-page\" data-elementor-id=\"112\" class=\"elementor elementor-112\" data-elementor-post-type=\"page\">\n\t\t\t\t<div class=\"elementor-element elementor-element-a6ac7d2 background-pattern e-flex e-con-boxed e-con e-parent\" data-id=\"a6ac7d2\" data-element_type=\"container\" data-settings=\"{&quot;background_background&quot;:&quot;classic&quot;}\">\n\t\t\t\t\t<div class=\"e-con-inner\">\n\t\t\t\t<div class=\"elementor-element elementor-element-4413540 elementor-widget elementor-widget-heading\" data-id=\"4413540\" data-element_type=\"widget\" data-widget_type=\"heading.default\">\n\t\t\t\t<div class=\"elementor-widget-container\">\n\t\t\t\t\t<h1 class=\"elementor-heading-title elementor-size-default\">Des services pens\u00e9s pour <span>vous<\/span><\/h1>\t\t\t\t<\/div>\n\t\t\t\t<\/div>\n\t\t<div class=\"elementor-element elementor-element-f96dc23 e-con-full e-flex e-con e-child\" data-id=\"f96dc23\" data-element_type=\"container\">\n\t\t\t\t<div class=\"elementor-element elementor-element-8205b87 elementor-widget elementor-widget-text-editor\" data-id=\"8205b87\" data-element_type=\"widget\" data-widget_type=\"text-editor.default\">\n\t\t\t\t<div class=\"elementor-widget-container\">\n\t\t\t\t\t\t\t\t\t<p>Au-del\u00e0 du confort de nos chambres, Mon H\u00f4tel vous propose une gamme compl\u00e8te de services pour rendre votre s\u00e9jour encore plus agr\u00e9able.<\/p>\t\t\t\t\t\t\t\t<\/div>\n\t\t\t\t<\/div>\n\t\t\t\t<\/div>\n\t\t\t\t\t<\/div>\n\t\t\t\t<\/div>\n\t\t<div class=\"elementor-element elementor-element-e1a76d3 e-flex e-con-boxed e-con e-parent\" data-id=\"e1a76d3\" data-element_type=\"container\">\n\t\t\t\t\t<div class=\"e-con-inner\">\n\t\t<div class=\"elementor-element elementor-element-ba627bb e-con-full e-flex e-con e-child\" data-id=\"ba627bb\" data-element_type=\"container\">\n\t\t<div class=\"elementor-element elementor-element-6615394 e-con-full e-flex e-con e-child\" data-id=\"6615394\" data-element_type=\"container\">\n\t\t<div class=\"elementor-element elementor-element-c3c7b53 e-con-full e-flex e-con e-child\" data-id=\"c3c7b53\" data-element_type=\"container\" data-settings=\"{&quot;background_background&quot;:&quot;classic&quot;}\">\n\t\t\t\t<div class=\"elementor-element elementor-element-df55fe6 elementor-absolute elementor-view-default elementor-widget elementor-widget-icon\" data-id=\"df55fe6\" data-element_type=\"widget\" data-settings=\"{&quot;_position&quot;:&quot;absolute&quot;}\" data-widget_type=\"icon.default\">\n\t\t\t\t<div class=\"elementor-widget-container\">\n\t\t\t\t\t\t\t<div class=\"elementor-icon-wrapper\">\n\t\t\t<div class=\"elementor-icon\">\n\t\t\t<svg aria-hidden=\"true\" class=\"e-font-icon-svg e-fas-coffee\" viewBox=\"0 0 640 512\" xmlns=\"http:\/\/www.w3.org\/2000\/svg\"><path d=\"M192 384h192c53 0 96-43 96-96h32c70.6 0 128-57.4 128-128S582.6 32 512 32H120c-13.3 0-24 10.7-24 24v232c0 53 43 96 96 96zM512 96c35.3 0 64 28.7 64 64s-28.7 64-64 64h-32V96h32zm47.7 384H48.3c-47.6 0-61-64-36-64h583.3c25 0 11.8 64-35.9 64z\"><\/path><\/svg>\t\t\t<\/div>\n\t\t<\/div>\n\t\t\t\t\t\t<\/div>\n\t\t\t\t<\/div>\n\t\t\t\t<\/div>\n\t\t<div class=\"elementor-element elementor-element-735808c e-con-full e-flex e-con e-child\" data-id=\"735808c\" data-element_type=\"container\">\n\t\t\t\t<div class=\"elementor-element elementor-element-2299370 elementor-widget elementor-widget-heading\" data-id=\"2299370\" data-element_type=\"widget\" data-widget_type=\"heading.default\">\n\t\t\t\t<div class=\"elementor-widget-container\">\n\t\t\t\t\t<h3 class=\"elementor-heading-title elementor-size-default\">Petit-D\u00e9jeuner Gourmand<\/h3>\t\t\t\t<\/div>\n\t\t\t\t<\/div>\n\t\t\t\t<div class=\"elementor-element elementor-element-1da9d9e elementor-widget elementor-widget-text-editor\" data-id=\"1da9d9e\" data-element_type=\"widget\" data-widget_type=\"text-editor.default\">\n\t\t\t\t<div class=\"elementor-widget-container\">\n\t\t\t\t\t\t\t\t\t<p class=\"text-[#333333] mb-6 leading-relaxed\">Commencez votre journ\u00e9e avec notre buffet de petit-d\u00e9jeuner alsacien, pr\u00e9par\u00e9 avec des produits locaux et frais. Disponible en salle ou en chambre.<\/p>\t\t\t\t\t\t\t\t<\/div>\n\t\t\t\t<\/div>\n\t\t\t\t<\/div>\n\t\t\t\t<\/div>\n\t\t\t\t<\/div>\n\t\t<div class=\"elementor-element elementor-element-fa74934 e-con-full e-flex e-con e-child\" data-id=\"fa74934\" data-element_type=\"container\">\n\t\t<div class=\"elementor-element elementor-element-7c81baa e-con-full e-flex e-con e-child\" data-id=\"7c81baa\" data-element_type=\"container\">\n\t\t<div class=\"elementor-element elementor-element-084975c e-con-full e-flex e-con e-child\" data-id=\"084975c\" data-element_type=\"container\" data-settings=\"{&quot;background_background&quot;:&quot;classic&quot;}\">\n\t\t\t\t<div class=\"elementor-element elementor-element-d8f50b5 elementor-absolute elementor-view-default elementor-widget elementor-widget-icon\" data-id=\"d8f50b5\" data-element_type=\"widget\" data-settings=\"{&quot;_position&quot;:&quot;absolute&quot;}\" data-widget_type=\"icon.default\">\n\t\t\t\t<div class=\"elementor-widget-container\">\n\t\t\t\t\t\t\t<div class=\"elementor-icon-wrapper\">\n\t\t\t<div class=\"elementor-icon\">\n\t\t\t<svg aria-hidden=\"true\" class=\"e-font-icon-svg e-fas-coffee\" viewBox=\"0 0 640 512\" xmlns=\"http:\/\/www.w3.org\/2000\/svg\"><path d=\"M192 384h192c53 0 96-43 96-96h32c70.6 0 128-57.4 128-128S582.6 32 512 32H120c-13.3 0-24 10.7-24 24v232c0 53 43 96 96 96zM512 96c35.3 0 64 28.7 64 64s-28.7 64-64 64h-32V96h32zm47.7 384H48.3c-47.6 0-61-64-36-64h583.3c25 0 11.8 64-35.9 64z\"><\/path><\/svg>\t\t\t<\/div>\n\t\t<\/div>\n\t\t\t\t\t\t<\/div>\n\t\t\t\t<\/div>\n\t\t\t\t<\/div>\n\t\t<div class=\"elementor-element elementor-element-bcb054d e-con-full e-flex e-con e-child\" data-id=\"bcb054d\" data-element_type=\"container\">\n\t\t\t\t<div class=\"elementor-element elementor-element-6e2df81 elementor-widget elementor-widget-heading\" data-id=\"6e2df81\" data-element_type=\"widget\" data-widget_type=\"heading.default\">\n\t\t\t\t<div class=\"elementor-widget-container\">\n\t\t\t\t\t<h3 class=\"elementor-heading-title elementor-size-default\">Location du V\u00e9los<\/h3>\t\t\t\t<\/div>\n\t\t\t\t<\/div>\n\t\t\t\t<div class=\"elementor-element elementor-element-7169cb4 elementor-widget elementor-widget-text-editor\" data-id=\"7169cb4\" data-element_type=\"widget\" data-widget_type=\"text-editor.default\">\n\t\t\t\t<div class=\"elementor-widget-container\">\n\t\t\t\t\t\t\t\t\t<div class=\"bg-white rounded-lg overflow-hidden shadow-sm hover:shadow-md transition-all duration-300 group\"><div class=\"p-6\"><p class=\"text-[#333333] leading-relaxed\">Explorez la r\u00e9gion alsacienne \u00e0 votre rythme avec nos v\u00e9los de location. Itin\u00e9raires recommand\u00e9s et cartes disponibles \u00e0 la r\u00e9ception.<\/p><\/div><\/div>\t\t\t\t\t\t\t\t<\/div>\n\t\t\t\t<\/div>\n\t\t\t\t<\/div>\n\t\t\t\t<\/div>\n\t\t\t\t<\/div>\n\t\t\t\t\t<\/div>\n\t\t\t\t<\/div>\n\t\t<div class=\"elementor-element elementor-element-242f579 e-flex e-con-boxed e-con e-parent\" data-id=\"242f579\" data-element_type=\"container\" data-settings=\"{&quot;background_background&quot;:&quot;classic&quot;}\">\n\t\t\t\t\t<div class=\"e-con-inner\">\n\t\t\t\t<div class=\"elementor-element elementor-element-9577a9a elementor-widget elementor-widget-heading\" data-id=\"9577a9a\" data-element_type=\"widget\" data-widget_type=\"heading.default\">\n\t\t\t\t<div class=\"elementor-widget-container\">\n\t\t\t\t\t<h2 class=\"elementor-heading-title elementor-size-default\">Autres <span>services<\/span><\/h2>\t\t\t\t<\/div>\n\t\t\t\t<\/div>\n\t\t<div class=\"elementor-element elementor-element-ddd141b e-flex e-con-boxed e-con e-child\" data-id=\"ddd141b\" data-element_type=\"container\">\n\t\t\t\t\t<div class=\"e-con-inner\">\n\t\t<div class=\"elementor-element elementor-element-690f48b e-con-full e-flex e-con e-child\" data-id=\"690f48b\" data-element_type=\"container\">\n\t\t<div class=\"elementor-element elementor-element-02eb9ef e-con-full e-flex e-con e-child\" data-id=\"02eb9ef\" data-element_type=\"container\" data-settings=\"{&quot;background_background&quot;:&quot;classic&quot;}\">\n\t\t\t\t<div class=\"elementor-element elementor-element-4965792 elementor-widget elementor-widget-heading\" data-id=\"4965792\" data-element_type=\"widget\" data-widget_type=\"heading.default\">\n\t\t\t\t<div class=\"elementor-widget-container\">\n\t\t\t\t\t<h3 class=\"elementor-heading-title elementor-size-default\">Service de Navette<\/h3>\t\t\t\t<\/div>\n\t\t\t\t<\/div>\n\t\t\t\t<div class=\"elementor-element elementor-element-625b92f elementor-widget elementor-widget-text-editor\" data-id=\"625b92f\" data-element_type=\"widget\" data-widget_type=\"text-editor.default\">\n\t\t\t\t<div class=\"elementor-widget-container\">\n\t\t\t\t\t\t\t\t\t<div class=\"bg-white p-6 rounded-lg shadow-sm text-center\"><p class=\"text-[#333333] text-sm\">Transfert a\u00e9roport et gare sur demande<\/p><\/div>\t\t\t\t\t\t\t\t<\/div>\n\t\t\t\t<\/div>\n\t\t\t\t<\/div>\n\t\t\t\t<\/div>\n\t\t<div class=\"elementor-element elementor-element-258a171 e-con-full e-flex e-con e-child\" data-id=\"258a171\" data-element_type=\"container\">\n\t\t<div class=\"elementor-element elementor-element-63b57f5 e-con-full e-flex e-con e-child\" data-id=\"63b57f5\" data-element_type=\"container\" data-settings=\"{&quot;background_background&quot;:&quot;classic&quot;}\">\n\t\t\t\t<div class=\"elementor-element elementor-element-b325c2a elementor-widget elementor-widget-heading\" data-id=\"b325c2a\" data-element_type=\"widget\" data-widget_type=\"heading.default\">\n\t\t\t\t<div class=\"elementor-widget-container\">\n\t\t\t\t\t<h3 class=\"elementor-heading-title elementor-size-default\">Conciergerie<\/h3>\t\t\t\t<\/div>\n\t\t\t\t<\/div>\n\t\t\t\t<div class=\"elementor-element elementor-element-aa6759a elementor-widget elementor-widget-text-editor\" data-id=\"aa6759a\" data-element_type=\"widget\" data-widget_type=\"text-editor.default\">\n\t\t\t\t<div class=\"elementor-widget-container\">\n\t\t\t\t\t\t\t\t\t<div class=\"bg-white p-6 rounded-lg shadow-sm text-center\"><div class=\"bg-white p-6 rounded-lg shadow-sm text-center\"><p class=\"text-[#333333] text-sm\">R\u00e9servations restaurants, spectacles, visites<\/p><\/div><\/div>\t\t\t\t\t\t\t\t<\/div>\n\t\t\t\t<\/div>\n\t\t\t\t<\/div>\n\t\t\t\t<\/div>\n\t\t<div class=\"elementor-element elementor-element-f288a05 e-con-full e-flex e-con e-child\" data-id=\"f288a05\" data-element_type=\"container\">\n\t\t<div class=\"elementor-element elementor-element-702c349 e-con-full e-flex e-con e-child\" data-id=\"702c349\" data-element_type=\"container\" data-settings=\"{&quot;background_background&quot;:&quot;classic&quot;}\">\n\t\t\t\t<div class=\"elementor-element elementor-element-9c7bc86 elementor-widget elementor-widget-heading\" data-id=\"9c7bc86\" data-element_type=\"widget\" data-widget_type=\"heading.default\">\n\t\t\t\t<div class=\"elementor-widget-container\">\n\t\t\t\t\t<h3 class=\"elementor-heading-title elementor-size-default\">Service en Chambre<\/h3>\t\t\t\t<\/div>\n\t\t\t\t<\/div>\n\t\t\t\t<div class=\"elementor-element elementor-element-9d56cd9 elementor-widget elementor-widget-text-editor\" data-id=\"9d56cd9\" data-element_type=\"widget\" data-widget_type=\"text-editor.default\">\n\t\t\t\t<div class=\"elementor-widget-container\">\n\t\t\t\t\t\t\t\t\t<div class=\"bg-white p-6 rounded-lg shadow-sm text-center\"><div class=\"bg-white p-6 rounded-lg shadow-sm text-center\"><p class=\"text-[#333333] text-sm\">Disponible de 7h \u00e0 22h tous les jours<\/p><\/div><\/div>\t\t\t\t\t\t\t\t<\/div>\n\t\t\t\t<\/div>\n\t\t\t\t<\/div>\n\t\t\t\t<\/div>\n\t\t<div class=\"elementor-element elementor-element-a460fe0 e-con-full e-flex e-con e-child\" data-id=\"a460fe0\" data-element_type=\"container\">\n\t\t<div class=\"elementor-element elementor-element-ac03991 e-con-full e-flex e-con e-child\" data-id=\"ac03991\" data-element_type=\"container\" data-settings=\"{&quot;background_background&quot;:&quot;classic&quot;}\">\n\t\t\t\t<div class=\"elementor-element elementor-element-4786652 elementor-widget elementor-widget-heading\" data-id=\"4786652\" data-element_type=\"widget\" data-widget_type=\"heading.default\">\n\t\t\t\t<div class=\"elementor-widget-container\">\n\t\t\t\t\t<h3 class=\"elementor-heading-title elementor-size-default\">Blanchisserie<\/h3>\t\t\t\t<\/div>\n\t\t\t\t<\/div>\n\t\t\t\t<div class=\"elementor-element elementor-element-e1c96a1 elementor-widget elementor-widget-text-editor\" data-id=\"e1c96a1\" data-element_type=\"widget\" data-widget_type=\"text-editor.default\">\n\t\t\t\t<div class=\"elementor-widget-container\">\n\t\t\t\t\t\t\t\t\t<div class=\"bg-white p-6 rounded-lg shadow-sm text-center\"><div class=\"bg-white p-6 rounded-lg shadow-sm text-center\"><div class=\"bg-white p-6 rounded-lg shadow-sm text-center\"><p class=\"text-[#333333] text-sm\">Service pressing express disponible<\/p><\/div><\/div><\/div>\t\t\t\t\t\t\t\t<\/div>\n\t\t\t\t<\/div>\n\t\t\t\t<\/div>\n\t\t\t\t<\/div>\n\t\t<div class=\"elementor-element elementor-element-8452275 e-con-full e-flex e-con e-child\" data-id=\"8452275\" data-element_type=\"container\">\n\t\t<div class=\"elementor-element elementor-element-b7ce3af e-con-full e-flex e-con e-child\" data-id=\"b7ce3af\" data-element_type=\"container\" data-settings=\"{&quot;background_background&quot;:&quot;classic&quot;}\">\n\t\t\t\t<div class=\"elementor-element elementor-element-78ae85c elementor-widget elementor-widget-heading\" data-id=\"78ae85c\" data-element_type=\"widget\" data-widget_type=\"heading.default\">\n\t\t\t\t<div class=\"elementor-widget-container\">\n\t\t\t\t\t<h3 class=\"elementor-heading-title elementor-size-default\">Garde d'Enfants<\/h3>\t\t\t\t<\/div>\n\t\t\t\t<\/div>\n\t\t\t\t<div class=\"elementor-element elementor-element-327f2bf elementor-widget elementor-widget-text-editor\" data-id=\"327f2bf\" data-element_type=\"widget\" data-widget_type=\"text-editor.default\">\n\t\t\t\t<div class=\"elementor-widget-container\">\n\t\t\t\t\t\t\t\t\t<div class=\"bg-white p-6 rounded-lg shadow-sm text-center\"><div class=\"bg-white p-6 rounded-lg shadow-sm text-center\"><div class=\"bg-white p-6 rounded-lg shadow-sm text-center\"><div class=\"bg-white p-6 rounded-lg shadow-sm text-center\"><p class=\"text-[#333333] text-sm\">Baby-sitting sur r\u00e9servation<\/p><\/div><\/div><\/div><\/div>\t\t\t\t\t\t\t\t<\/div>\n\t\t\t\t<\/div>\n\t\t\t\t<\/div>\n\t\t\t\t<\/div>\n\t\t<div class=\"elementor-element elementor-element-d5a8cd7 e-con-full e-flex e-con e-child\" data-id=\"d5a8cd7\" data-element_type=\"container\">\n\t\t<div class=\"elementor-element elementor-element-1f72aa4 e-con-full e-flex e-con e-child\" data-id=\"1f72aa4\" data-element_type=\"container\" data-settings=\"{&quot;background_background&quot;:&quot;classic&quot;}\">\n\t\t\t\t<div class=\"elementor-element elementor-element-7356b2c elementor-widget elementor-widget-heading\" data-id=\"7356b2c\" data-element_type=\"widget\" data-widget_type=\"heading.default\">\n\t\t\t\t<div class=\"elementor-widget-container\">\n\t\t\t\t\t<h3 class=\"elementor-heading-title elementor-size-default\">Animaux Accept\u00e9s\n<\/h3>\t\t\t\t<\/div>\n\t\t\t\t<\/div>\n\t\t\t\t<div class=\"elementor-element elementor-element-4cdd944 elementor-widget elementor-widget-text-editor\" data-id=\"4cdd944\" data-element_type=\"widget\" data-widget_type=\"text-editor.default\">\n\t\t\t\t<div class=\"elementor-widget-container\">\n\t\t\t\t\t\t\t\t\t<div class=\"bg-white p-6 rounded-lg shadow-sm text-center\"><div class=\"bg-white p-6 rounded-lg shadow-sm text-center\"><div class=\"bg-white p-6 rounded-lg shadow-sm text-center\"><section class=\"py-20 bg-[#f8e6d8]\"><div class=\"container mx-auto px-4 sm:px-6 lg:px-8\"><div class=\"grid grid-cols-1 md:grid-cols-2 lg:grid-cols-3 gap-6 max-w-5xl mx-auto\"><div class=\"bg-white p-6 rounded-lg shadow-sm text-center\"><p class=\"text-[#333333] text-sm\">Vos compagnons sont les bienvenus<\/p><\/div><\/div><\/div><\/section><\/div><\/div><\/div>\t\t\t\t\t\t\t\t<\/div>\n\t\t\t\t<\/div>\n\t\t\t\t<\/div>\n\t\t\t\t<\/div>\n\t\t\t\t\t<\/div>\n\t\t\t\t<\/div>\n\t\t\t\t\t<\/div>\n\t\t\t\t<\/div>\n\t\t<div class=\"elementor-element elementor-element-0cb0913 e-flex e-con-boxed e-con e-parent\" data-id=\"0cb0913\" data-element_type=\"container\" data-settings=\"{&quot;background_background&quot;:&quot;classic&quot;}\">\n\t\t\t\t\t<div class=\"e-con-inner\">\n\t\t\t\t<div class=\"elementor-element elementor-element-de9ee62 elementor-widget elementor-widget-heading\" data-id=\"de9ee62\" data-element_type=\"widget\" data-widget_type=\"heading.default\">\n\t\t\t\t<div class=\"elementor-widget-container\">\n\t\t\t\t\t<h2 class=\"elementor-heading-title elementor-size-default\">Besoin d'informations suppl\u00e9mentaires ?<\/h2>\t\t\t\t<\/div>\n\t\t\t\t<\/div>\n\t\t<div class=\"elementor-element elementor-element-8ccb7eb e-flex e-con-boxed e-con e-child\" data-id=\"8ccb7eb\" data-element_type=\"container\">\n\t\t\t\t\t<div class=\"e-con-inner\">\n\t\t\t\t<div class=\"elementor-element elementor-element-1b68349 elementor-widget elementor-widget-text-editor\" data-id=\"1b68349\" data-element_type=\"widget\" data-widget_type=\"text-editor.default\">\n\t\t\t\t<div class=\"elementor-widget-container\">\n\t\t\t\t\t\t\t\t\t<p>Notre \u00e9quipe est \u00e0 votre disposition pour r\u00e9pondre \u00e0 toutes vos questions et organiser votre s\u00e9jour sur mesure.<\/p>\t\t\t\t\t\t\t\t<\/div>\n\t\t\t\t<\/div>\n\t\t\t\t\t<\/div>\n\t\t\t\t<\/div>\n\t\t<div class=\"elementor-element elementor-element-ff459cd e-con-full e-flex e-con e-child\" data-id=\"ff459cd\" data-element_type=\"container\">\n\t\t\t\t<div class=\"elementor-element elementor-element-58742b7 elementor-align-center elementor-widget elementor-widget-button\" data-id=\"58742b7\" data-element_type=\"widget\" data-widget_type=\"button.default\">\n\t\t\t\t<div class=\"elementor-widget-container\">\n\t\t\t\t\t\t\t\t\t<div class=\"elementor-button-wrapper\">\n\t\t\t\t\t<a class=\"elementor-button elementor-button-link elementor-size-sm\" href=\"#\">\n\t\t\t\t\t\t<span class=\"elementor-button-content-wrapper\">\n\t\t\t\t\t\t\t\t\t<span class=\"elementor-button-text\">Nous appeler<\/span>\n\t\t\t\t\t<\/span>\n\t\t\t\t\t<\/a>\n\t\t\t\t<\/div>\n\t\t\t\t\t\t\t\t<\/div>\n\t\t\t\t<\/div>\n\t\t\t\t<div class=\"elementor-element elementor-element-ecc5c49 elementor-align-center elementor-widget elementor-widget-button\" data-id=\"ecc5c49\" data-element_type=\"widget\" data-widget_type=\"button.default\">\n\t\t\t\t<div class=\"elementor-widget-container\">\n\t\t\t\t\t\t\t\t\t<div class=\"elementor-button-wrapper\">\n\t\t\t\t\t<a class=\"elementor-button elementor-button-link elementor-size-sm\" href=\"#\">\n\t\t\t\t\t\t<span class=\"elementor-button-content-wrapper\">\n\t\t\t\t\t\t\t\t\t<span class=\"elementor-button-text\">Nous \u00e9crire<\/span>\n\t\t\t\t\t<\/span>\n\t\t\t\t\t<\/a>\n\t\t\t\t<\/div>\n\t\t\t\t\t\t\t\t<\/div>\n\t\t\t\t<\/div>\n\t\t\t\t<\/div>\n\t\t\t\t\t<\/div>\n\t\t\t\t<\/div>\n\t\t\t\t<\/div>\n\t\t","protected":false},"excerpt":{"rendered":"<p>Des services pens\u00e9s pour vous Au-del\u00e0 du confort de nos chambres, Mon H\u00f4tel vous propose une gamme compl\u00e8te de services pour rendre votre s\u00e9jour encore plus agr\u00e9able. Petit-D\u00e9jeuner Gourmand Commencez votre journ\u00e9e avec notre buffet de petit-d\u00e9jeuner alsacien, pr\u00e9par\u00e9 avec des produits locaux et frais. Disponible en salle ou en chambre. Location du V\u00e9los Explorez [&hellip;]<\/p>\n","protected":false},"author":1,"featured_media":0,"parent":0,"menu_order":0,"comment_status":"closed","ping_status":"closed","template":"","meta":{"_acf_changed":false,"footnotes":""},"class_list":["post-112","page","type-page","status-publish","hentry"],"acf":[],"yoast_head":"<!-- This site is optimized with the Yoast SEO plugin v26.8 - https:\/\/yoast.com\/product\/yoast-seo-wordpress\/ -->\n<title>Nos Services - Th\u00e8me H\u00f4tel 2<\/title>\n<meta name=\"robots\" content=\"index, follow, max-snippet:-1, max-image-preview:large, max-video-preview:-1\" \/>\n<link rel=\"canonical\" href=\"https:\/\/designs.cloud1.sbg.digilix.fr\/theme-hotel2-2025\/nos-services\/\" \/>\n<meta property=\"og:locale\" content=\"fr_FR\" \/>\n<meta property=\"og:type\" content=\"article\" \/>\n<meta property=\"og:title\" content=\"Nos Services - Th\u00e8me H\u00f4tel 2\" \/>\n<meta property=\"og:description\" content=\"Des services pens\u00e9s pour vous Au-del\u00e0 du confort de nos chambres, Mon H\u00f4tel vous propose une gamme compl\u00e8te de services pour rendre votre s\u00e9jour encore plus agr\u00e9able. Petit-D\u00e9jeuner Gourmand Commencez votre journ\u00e9e avec notre buffet de petit-d\u00e9jeuner alsacien, pr\u00e9par\u00e9 avec des produits locaux et frais. Disponible en salle ou en chambre. Location du V\u00e9los Explorez [&hellip;]\" \/>\n<meta property=\"og:url\" content=\"https:\/\/designs.cloud1.sbg.digilix.fr\/theme-hotel2-2025\/nos-services\/\" \/>\n<meta property=\"og:site_name\" content=\"Th\u00e8me H\u00f4tel 2\" \/>\n<meta property=\"article:modified_time\" content=\"2025-11-21T16:39:02+00:00\" \/>\n<meta name=\"twitter:card\" content=\"summary_large_image\" \/>\n<meta name=\"twitter:label1\" content=\"Dur\u00e9e de lecture estim\u00e9e\" \/>\n\t<meta name=\"twitter:data1\" content=\"1 minute\" \/>\n<script type=\"application\/ld+json\" class=\"yoast-schema-graph\">{\"@context\":\"https:\/\/schema.org\",\"@graph\":[{\"@type\":\"WebPage\",\"@id\":\"https:\/\/designs.cloud1.sbg.digilix.fr\/theme-hotel2-2025\/nos-services\/\",\"url\":\"https:\/\/designs.cloud1.sbg.digilix.fr\/theme-hotel2-2025\/nos-services\/\",\"name\":\"Nos Services - Th\u00e8me H\u00f4tel 2\",\"isPartOf\":{\"@id\":\"https:\/\/designs.cloud1.sbg.digilix.fr\/theme-hotel2-2025\/#website\"},\"datePublished\":\"2025-11-20T10:07:20+00:00\",\"dateModified\":\"2025-11-21T16:39:02+00:00\",\"breadcrumb\":{\"@id\":\"https:\/\/designs.cloud1.sbg.digilix.fr\/theme-hotel2-2025\/nos-services\/#breadcrumb\"},\"inLanguage\":\"fr-FR\",\"potentialAction\":[{\"@type\":\"ReadAction\",\"target\":[\"https:\/\/designs.cloud1.sbg.digilix.fr\/theme-hotel2-2025\/nos-services\/\"]}]},{\"@type\":\"BreadcrumbList\",\"@id\":\"https:\/\/designs.cloud1.sbg.digilix.fr\/theme-hotel2-2025\/nos-services\/#breadcrumb\",\"itemListElement\":[{\"@type\":\"ListItem\",\"position\":1,\"name\":\"Accueil\",\"item\":\"https:\/\/designs.cloud1.sbg.digilix.fr\/theme-hotel2-2025\/\"},{\"@type\":\"ListItem\",\"position\":2,\"name\":\"Nos Services\"}]},{\"@type\":\"WebSite\",\"@id\":\"https:\/\/designs.cloud1.sbg.digilix.fr\/theme-hotel2-2025\/#website\",\"url\":\"https:\/\/designs.cloud1.sbg.digilix.fr\/theme-hotel2-2025\/\",\"name\":\"Th\u00e8me H\u00f4tel 2\",\"description\":\"\",\"potentialAction\":[{\"@type\":\"SearchAction\",\"target\":{\"@type\":\"EntryPoint\",\"urlTemplate\":\"https:\/\/designs.cloud1.sbg.digilix.fr\/theme-hotel2-2025\/?s={search_term_string}\"},\"query-input\":{\"@type\":\"PropertyValueSpecification\",\"valueRequired\":true,\"valueName\":\"search_term_string\"}}],\"inLanguage\":\"fr-FR\"}]}<\/script>\n<!-- \/ Yoast SEO plugin. -->","yoast_head_json":{"title":"Nos Services - Th\u00e8me H\u00f4tel 2","robots":{"index":"index","follow":"follow","max-snippet":"max-snippet:-1","max-image-preview":"max-image-preview:large","max-video-preview":"max-video-preview:-1"},"canonical":"https:\/\/designs.cloud1.sbg.digilix.fr\/theme-hotel2-2025\/nos-services\/","og_locale":"fr_FR","og_type":"article","og_title":"Nos Services - Th\u00e8me H\u00f4tel 2","og_description":"Des services pens\u00e9s pour vous Au-del\u00e0 du confort de nos chambres, Mon H\u00f4tel vous propose une gamme compl\u00e8te de services pour rendre votre s\u00e9jour encore plus agr\u00e9able. Petit-D\u00e9jeuner Gourmand Commencez votre journ\u00e9e avec notre buffet de petit-d\u00e9jeuner alsacien, pr\u00e9par\u00e9 avec des produits locaux et frais. Disponible en salle ou en chambre. Location du V\u00e9los Explorez [&hellip;]","og_url":"https:\/\/designs.cloud1.sbg.digilix.fr\/theme-hotel2-2025\/nos-services\/","og_site_name":"Th\u00e8me H\u00f4tel 2","article_modified_time":"2025-11-21T16:39:02+00:00","twitter_card":"summary_large_image","twitter_misc":{"Dur\u00e9e de lecture estim\u00e9e":"1 minute"},"schema":{"@context":"https:\/\/schema.org","@graph":[{"@type":"WebPage","@id":"https:\/\/designs.cloud1.sbg.digilix.fr\/theme-hotel2-2025\/nos-services\/","url":"https:\/\/designs.cloud1.sbg.digilix.fr\/theme-hotel2-2025\/nos-services\/","name":"Nos Services - Th\u00e8me H\u00f4tel 2","isPartOf":{"@id":"https:\/\/designs.cloud1.sbg.digilix.fr\/theme-hotel2-2025\/#website"},"datePublished":"2025-11-20T10:07:20+00:00","dateModified":"2025-11-21T16:39:02+00:00","breadcrumb":{"@id":"https:\/\/designs.cloud1.sbg.digilix.fr\/theme-hotel2-2025\/nos-services\/#breadcrumb"},"inLanguage":"fr-FR","potentialAction":[{"@type":"ReadAction","target":["https:\/\/designs.cloud1.sbg.digilix.fr\/theme-hotel2-2025\/nos-services\/"]}]},{"@type":"BreadcrumbList","@id":"https:\/\/designs.cloud1.sbg.digilix.fr\/theme-hotel2-2025\/nos-services\/#breadcrumb","itemListElement":[{"@type":"ListItem","position":1,"name":"Accueil","item":"https:\/\/designs.cloud1.sbg.digilix.fr\/theme-hotel2-2025\/"},{"@type":"ListItem","position":2,"name":"Nos Services"}]},{"@type":"WebSite","@id":"https:\/\/designs.cloud1.sbg.digilix.fr\/theme-hotel2-2025\/#website","url":"https:\/\/designs.cloud1.sbg.digilix.fr\/theme-hotel2-2025\/","name":"Th\u00e8me H\u00f4tel 2","description":"","potentialAction":[{"@type":"SearchAction","target":{"@type":"EntryPoint","urlTemplate":"https:\/\/designs.cloud1.sbg.digilix.fr\/theme-hotel2-2025\/?s={search_term_string}"},"query-input":{"@type":"PropertyValueSpecification","valueRequired":true,"valueName":"search_term_string"}}],"inLanguage":"fr-FR"}]}},"_links":{"self":[{"href":"https:\/\/designs.cloud1.sbg.digilix.fr\/theme-hotel2-2025\/wp-json\/wp\/v2\/pages\/112","targetHints":{"allow":["GET"]}}],"collection":[{"href":"https:\/\/designs.cloud1.sbg.digilix.fr\/theme-hotel2-2025\/wp-json\/wp\/v2\/pages"}],"about":[{"href":"https:\/\/designs.cloud1.sbg.digilix.fr\/theme-hotel2-2025\/wp-json\/wp\/v2\/types\/page"}],"author":[{"embeddable":true,"href":"https:\/\/designs.cloud1.sbg.digilix.fr\/theme-hotel2-2025\/wp-json\/wp\/v2\/users\/1"}],"replies":[{"embeddable":true,"href":"https:\/\/designs.cloud1.sbg.digilix.fr\/theme-hotel2-2025\/wp-json\/wp\/v2\/comments?post=112"}],"version-history":[{"count":0,"href":"https:\/\/designs.cloud1.sbg.digilix.fr\/theme-hotel2-2025\/wp-json\/wp\/v2\/pages\/112\/revisions"}],"wp:attachment":[{"href":"https:\/\/designs.cloud1.sbg.digilix.fr\/theme-hotel2-2025\/wp-json\/wp\/v2\/media?parent=112"}],"curies":[{"name":"wp","href":"https:\/\/api.w.org\/{rel}","templated":true}]}}