{"id":58,"date":"2020-06-15T15:16:35","date_gmt":"2020-06-15T13:16:35","guid":{"rendered":"https:\/\/designs.cloud1.sbg.digilix.fr\/theme-soins\/?page_id=58"},"modified":"2020-10-14T11:52:00","modified_gmt":"2020-10-14T09:52:00","slug":"prestations","status":"publish","type":"page","link":"https:\/\/designs.cloud1.sbg.digilix.fr\/theme-soins\/prestations.html","title":{"rendered":"Prestations"},"content":{"rendered":"<p>Texte d&rsquo;exemple &#8211; votre texte ici : ceci est un texte d&rsquo;exemple<\/p>\n<h2>Titre 2 &#8211; votre texte ici<\/h2>\n<p>Pendant les quelques instants qu&rsquo;il venait d&rsquo;entrevoir <strong>Phileas Fogg<\/strong>, Passepartout avait rapidement, mais soigneusement examin\u00e9 son futur ma\u00eetre. C&rsquo;\u00e9tait un homme qui pouvait avoir quarante ans, de figure noble et belle, haut de taille, que ne d\u00e9parait pas un l\u00e9ger embonpoint, blond de cheveux et de favoris, front uni sans apparences de rides aux tempes, figure plut\u00f4t p\u00e2le que color\u00e9e, dents magnifiques.<\/p>\n<p>Il paraissait poss\u00e9der au plus haut degr\u00e9 ce que les physionomistes appellent \u00ab le repos dans l&rsquo;action \u00bb, facult\u00e9 commune \u00e0 tous ceux qui font plus de besogne que de bruit.<\/p>\n<h3>Titre 3 &#8211; votre texte ici<\/h3>\n<p>Calme, flegmatique, l\u2019\u0153il pur, la paupi\u00e8re immobile, c\u2019\u00e9tait le type achev\u00e9 de ces Anglais \u00e0 sang-froid qui se rencontrent assez fr\u00e9quemment dans le <a href=\"#\">Royaume-Uni<\/a>, et dont Angelica Kauffmann a merveilleusement rendu sous son pinceau l\u2019attitude un peu acad\u00e9mique. Vu dans les divers actes de son existence, ce gentleman donnait l\u2019id\u00e9e d\u2019un \u00eatre bien \u00e9quilibr\u00e9 dans toutes ses parties, justement pond\u00e9r\u00e9, aussi parfait qu\u2019un chronom\u00e8tre de Leroy ou de Earnshaw.<\/p>\n<p>C\u2019est qu\u2019en effet, Phileas Fogg \u00e9tait l\u2019exactitude personnifi\u00e9e, ce qui se voyait clairement \u00e0 \u00ab l\u2019expression de ses pieds et de ses mains \u00bb, car chez l\u2019homme, aussi bien que chez les animaux, les membres eux-m\u00eames sont des organes expressifs des passions.<\/p>\n<h4>Titre 4 &#8211; votre texte ici<\/h4>\n<p>Phileas Fogg \u00e9tait de ces gens <em>math\u00e9matiquement exacts<\/em>, qui, jamais press\u00e9s et toujours pr\u00eats, sont \u00e9conomes de leurs pas et de leurs mouvements. Il ne faisait pas une enjamb\u00e9e de trop, allant toujours par le plus court. Il ne perdait pas un regard au plafond. Il ne se permettait aucun geste superflu. On ne l\u2019avait jamais vu \u00e9mu ni troubl\u00e9. C\u2019\u00e9tait l\u2019homme le moins h\u00e2t\u00e9 du monde, mais il arrivait toujours \u00e0 temps.<\/p>\n<p>Toutefois, on comprendra qu\u2019il v\u00e9c\u00fbt seul et pour ainsi dire en dehors de toute relation sociale. Il savait que dans la vie il faut faire la part des frottements, et comme les frottements retardent, il ne se frottait \u00e0 personne.<\/p>\n","protected":false},"excerpt":{"rendered":"<p>Texte d&rsquo;exemple &#8211; votre texte ici : ceci est un texte d&rsquo;exemple Titre 2 &#8211; votre texte ici Pendant les quelques instants qu&rsquo;il venait d&rsquo;entrevoir Phileas Fogg, Passepartout avait rapidement, mais soigneusement examin\u00e9 son futur ma\u00eetre. C&rsquo;\u00e9tait un homme qui pouvait avoir quarante ans, de figure noble et belle, haut de taille, que ne d\u00e9parait [&hellip;]<\/p>\n","protected":false},"author":1,"featured_media":0,"parent":0,"menu_order":0,"comment_status":"closed","ping_status":"closed","template":"","meta":{"_acf_changed":false,"footnotes":""},"class_list":["post-58","page","type-page","status-publish","hentry"],"acf":[],"yoast_head":"<!-- This site is optimized with the Yoast SEO plugin v26.8 - https:\/\/yoast.com\/product\/yoast-seo-wordpress\/ -->\n<title>Prestations - Theme Soins<\/title>\n<meta name=\"robots\" content=\"noindex, follow, max-snippet:-1, max-image-preview:large, max-video-preview:-1\" \/>\n<meta property=\"og:locale\" content=\"fr_FR\" \/>\n<meta property=\"og:type\" content=\"article\" \/>\n<meta property=\"og:title\" content=\"Prestations - Theme Soins\" \/>\n<meta property=\"og:description\" content=\"Texte d&rsquo;exemple &#8211; votre texte ici : ceci est un texte d&rsquo;exemple Titre 2 &#8211; votre texte ici Pendant les quelques instants qu&rsquo;il venait d&rsquo;entrevoir Phileas Fogg, Passepartout avait rapidement, mais soigneusement examin\u00e9 son futur ma\u00eetre. C&rsquo;\u00e9tait un homme qui pouvait avoir quarante ans, de figure noble et belle, haut de taille, que ne d\u00e9parait [&hellip;]\" \/>\n<meta property=\"og:url\" content=\"https:\/\/designs.cloud1.sbg.digilix.fr\/theme-soins\/prestations.html\" \/>\n<meta property=\"og:site_name\" content=\"Theme Soins\" \/>\n<meta property=\"article:modified_time\" content=\"2020-10-14T09:52:00+00:00\" \/>\n<meta name=\"twitter:card\" content=\"summary_large_image\" \/>\n<meta name=\"twitter:label1\" content=\"Dur\u00e9e de lecture estim\u00e9e\" \/>\n\t<meta name=\"twitter:data1\" content=\"2 minutes\" \/>\n<script type=\"application\/ld+json\" class=\"yoast-schema-graph\">{\"@context\":\"https:\/\/schema.org\",\"@graph\":[{\"@type\":\"WebPage\",\"@id\":\"https:\/\/designs.cloud1.sbg.digilix.fr\/theme-soins\/prestations.html\",\"url\":\"https:\/\/designs.cloud1.sbg.digilix.fr\/theme-soins\/prestations.html\",\"name\":\"Prestations - Theme Soins\",\"isPartOf\":{\"@id\":\"https:\/\/designs.cloud1.sbg.digilix.fr\/theme-soins\/#website\"},\"datePublished\":\"2020-06-15T13:16:35+00:00\",\"dateModified\":\"2020-10-14T09:52:00+00:00\",\"breadcrumb\":{\"@id\":\"https:\/\/designs.cloud1.sbg.digilix.fr\/theme-soins\/prestations.html#breadcrumb\"},\"inLanguage\":\"fr-FR\",\"potentialAction\":[{\"@type\":\"ReadAction\",\"target\":[\"https:\/\/designs.cloud1.sbg.digilix.fr\/theme-soins\/prestations.html\"]}]},{\"@type\":\"BreadcrumbList\",\"@id\":\"https:\/\/designs.cloud1.sbg.digilix.fr\/theme-soins\/prestations.html#breadcrumb\",\"itemListElement\":[{\"@type\":\"ListItem\",\"position\":1,\"name\":\"Accueil\",\"item\":\"https:\/\/designs.cloud1.sbg.digilix.fr\/theme-soins\/\"},{\"@type\":\"ListItem\",\"position\":2,\"name\":\"Prestations\"}]},{\"@type\":\"WebSite\",\"@id\":\"https:\/\/designs.cloud1.sbg.digilix.fr\/theme-soins\/#website\",\"url\":\"https:\/\/designs.cloud1.sbg.digilix.fr\/theme-soins\/\",\"name\":\"Theme Soins\",\"description\":\"Un site utilisant Les sites de Design Cloud Digilix\",\"potentialAction\":[{\"@type\":\"SearchAction\",\"target\":{\"@type\":\"EntryPoint\",\"urlTemplate\":\"https:\/\/designs.cloud1.sbg.digilix.fr\/theme-soins\/?s={search_term_string}\"},\"query-input\":{\"@type\":\"PropertyValueSpecification\",\"valueRequired\":true,\"valueName\":\"search_term_string\"}}],\"inLanguage\":\"fr-FR\"}]}<\/script>\n<!-- \/ Yoast SEO plugin. -->","yoast_head_json":{"title":"Prestations - Theme Soins","robots":{"index":"noindex","follow":"follow","max-snippet":"max-snippet:-1","max-image-preview":"max-image-preview:large","max-video-preview":"max-video-preview:-1"},"og_locale":"fr_FR","og_type":"article","og_title":"Prestations - Theme Soins","og_description":"Texte d&rsquo;exemple &#8211; votre texte ici : ceci est un texte d&rsquo;exemple Titre 2 &#8211; votre texte ici Pendant les quelques instants qu&rsquo;il venait d&rsquo;entrevoir Phileas Fogg, Passepartout avait rapidement, mais soigneusement examin\u00e9 son futur ma\u00eetre. C&rsquo;\u00e9tait un homme qui pouvait avoir quarante ans, de figure noble et belle, haut de taille, que ne d\u00e9parait [&hellip;]","og_url":"https:\/\/designs.cloud1.sbg.digilix.fr\/theme-soins\/prestations.html","og_site_name":"Theme Soins","article_modified_time":"2020-10-14T09:52:00+00:00","twitter_card":"summary_large_image","twitter_misc":{"Dur\u00e9e de lecture estim\u00e9e":"2 minutes"},"schema":{"@context":"https:\/\/schema.org","@graph":[{"@type":"WebPage","@id":"https:\/\/designs.cloud1.sbg.digilix.fr\/theme-soins\/prestations.html","url":"https:\/\/designs.cloud1.sbg.digilix.fr\/theme-soins\/prestations.html","name":"Prestations - Theme Soins","isPartOf":{"@id":"https:\/\/designs.cloud1.sbg.digilix.fr\/theme-soins\/#website"},"datePublished":"2020-06-15T13:16:35+00:00","dateModified":"2020-10-14T09:52:00+00:00","breadcrumb":{"@id":"https:\/\/designs.cloud1.sbg.digilix.fr\/theme-soins\/prestations.html#breadcrumb"},"inLanguage":"fr-FR","potentialAction":[{"@type":"ReadAction","target":["https:\/\/designs.cloud1.sbg.digilix.fr\/theme-soins\/prestations.html"]}]},{"@type":"BreadcrumbList","@id":"https:\/\/designs.cloud1.sbg.digilix.fr\/theme-soins\/prestations.html#breadcrumb","itemListElement":[{"@type":"ListItem","position":1,"name":"Accueil","item":"https:\/\/designs.cloud1.sbg.digilix.fr\/theme-soins\/"},{"@type":"ListItem","position":2,"name":"Prestations"}]},{"@type":"WebSite","@id":"https:\/\/designs.cloud1.sbg.digilix.fr\/theme-soins\/#website","url":"https:\/\/designs.cloud1.sbg.digilix.fr\/theme-soins\/","name":"Theme Soins","description":"Un site utilisant Les sites de Design Cloud Digilix","potentialAction":[{"@type":"SearchAction","target":{"@type":"EntryPoint","urlTemplate":"https:\/\/designs.cloud1.sbg.digilix.fr\/theme-soins\/?s={search_term_string}"},"query-input":{"@type":"PropertyValueSpecification","valueRequired":true,"valueName":"search_term_string"}}],"inLanguage":"fr-FR"}]}},"_links":{"self":[{"href":"https:\/\/designs.cloud1.sbg.digilix.fr\/theme-soins\/wp-json\/wp\/v2\/pages\/58","targetHints":{"allow":["GET"]}}],"collection":[{"href":"https:\/\/designs.cloud1.sbg.digilix.fr\/theme-soins\/wp-json\/wp\/v2\/pages"}],"about":[{"href":"https:\/\/designs.cloud1.sbg.digilix.fr\/theme-soins\/wp-json\/wp\/v2\/types\/page"}],"author":[{"embeddable":true,"href":"https:\/\/designs.cloud1.sbg.digilix.fr\/theme-soins\/wp-json\/wp\/v2\/users\/1"}],"replies":[{"embeddable":true,"href":"https:\/\/designs.cloud1.sbg.digilix.fr\/theme-soins\/wp-json\/wp\/v2\/comments?post=58"}],"version-history":[{"count":0,"href":"https:\/\/designs.cloud1.sbg.digilix.fr\/theme-soins\/wp-json\/wp\/v2\/pages\/58\/revisions"}],"wp:attachment":[{"href":"https:\/\/designs.cloud1.sbg.digilix.fr\/theme-soins\/wp-json\/wp\/v2\/media?parent=58"}],"curies":[{"name":"wp","href":"https:\/\/api.w.org\/{rel}","templated":true}]}}