{"id":62,"date":"2020-06-15T15:17:02","date_gmt":"2020-06-15T13:17:02","guid":{"rendered":"https:\/\/designs.cloud1.sbg.digilix.fr\/theme-sport\/?page_id=62"},"modified":"2025-05-07T08:10:36","modified_gmt":"2025-05-07T06:10:36","slug":"contact","status":"publish","type":"page","link":"https:\/\/designs.cloud1.sbg.digilix.fr\/theme-sport\/contact.html","title":{"rendered":"Contact"},"content":{"rendered":"\t\t<div data-elementor-type=\"wp-page\" data-elementor-id=\"62\" class=\"elementor elementor-62\" data-elementor-post-type=\"page\">\n\t\t\t\t\t\t<section class=\"elementor-section elementor-top-section elementor-element elementor-element-4a368bb elementor-section-boxed elementor-section-height-default elementor-section-height-default\" data-id=\"4a368bb\" data-element_type=\"section\">\n\t\t\t\t\t\t<div class=\"elementor-container elementor-column-gap-default\">\n\t\t\t\t\t<div class=\"elementor-column elementor-col-100 elementor-top-column elementor-element elementor-element-87bc0e1\" data-id=\"87bc0e1\" data-element_type=\"column\">\n\t\t\t<div class=\"elementor-widget-wrap elementor-element-populated\">\n\t\t\t\t\t\t<div class=\"elementor-element elementor-element-ec820f9 elementor-button-align-start elementor-widget elementor-widget-form\" data-id=\"ec820f9\" data-element_type=\"widget\" data-settings=\"{&quot;step_next_label&quot;:&quot;Next&quot;,&quot;step_previous_label&quot;:&quot;Previous&quot;,&quot;step_type&quot;:&quot;none&quot;,&quot;button_width&quot;:&quot;100&quot;,&quot;step_icon_shape&quot;:&quot;circle&quot;}\" data-widget_type=\"form.default\">\n\t\t\t\t<div class=\"elementor-widget-container\">\n\t\t\t\t\t\t\t<form class=\"elementor-form\" method=\"post\" name=\"Formulaire de contact\">\n\t\t\t<input type=\"hidden\" name=\"post_id\" value=\"62\"\/>\n\t\t\t<input type=\"hidden\" name=\"form_id\" value=\"ec820f9\"\/>\n\t\t\t<input type=\"hidden\" name=\"referer_title\" value=\"Th\u00e8me Sport (ne pas supprimer)\" \/>\n\n\t\t\t\n\t\t\t<div class=\"elementor-form-fields-wrapper elementor-labels-\">\n\t\t\t\t\t\t\t\t<div class=\"elementor-field-type-text elementor-field-group elementor-column elementor-field-group-nom elementor-col-50\">\n\t\t\t\t\t\t\t\t\t\t\t\t<label for=\"form-field-nom\" class=\"elementor-field-label elementor-screen-only\">\n\t\t\t\t\t\t\t\tNom\t\t\t\t\t\t\t<\/label>\n\t\t\t\t\t\t\t\t\t\t\t\t\t\t<input size=\"1\" type=\"text\" name=\"form_fields[nom]\" id=\"form-field-nom\" class=\"elementor-field elementor-size-sm  elementor-field-textual\" placeholder=\"Nom *\">\n\t\t\t\t\t\t\t\t\t\t\t<\/div>\n\t\t\t\t\t\t\t\t<div class=\"elementor-field-type-text elementor-field-group elementor-column elementor-field-group-prenom elementor-col-50 elementor-field-required\">\n\t\t\t\t\t\t\t\t\t\t\t\t<label for=\"form-field-prenom\" class=\"elementor-field-label elementor-screen-only\">\n\t\t\t\t\t\t\t\tPr\u00e9nom\t\t\t\t\t\t\t<\/label>\n\t\t\t\t\t\t\t\t\t\t\t\t\t\t<input size=\"1\" type=\"text\" name=\"form_fields[prenom]\" id=\"form-field-prenom\" class=\"elementor-field elementor-size-sm  elementor-field-textual\" placeholder=\"Pr\u00e9nom *\" required=\"required\" aria-required=\"true\">\n\t\t\t\t\t\t\t\t\t\t\t<\/div>\n\t\t\t\t\t\t\t\t<div class=\"elementor-field-type-email elementor-field-group elementor-column elementor-field-group-email elementor-col-50 elementor-field-required\">\n\t\t\t\t\t\t\t\t\t\t\t\t<label for=\"form-field-email\" class=\"elementor-field-label elementor-screen-only\">\n\t\t\t\t\t\t\t\tE-mail\t\t\t\t\t\t\t<\/label>\n\t\t\t\t\t\t\t\t\t\t\t\t\t\t<input size=\"1\" type=\"email\" name=\"form_fields[email]\" id=\"form-field-email\" class=\"elementor-field elementor-size-sm  elementor-field-textual\" placeholder=\"E-mail *\" required=\"required\" aria-required=\"true\">\n\t\t\t\t\t\t\t\t\t\t\t<\/div>\n\t\t\t\t\t\t\t\t<div class=\"elementor-field-type-tel elementor-field-group elementor-column elementor-field-group-telephone elementor-col-50 elementor-field-required\">\n\t\t\t\t\t\t\t\t\t\t\t\t<label for=\"form-field-telephone\" class=\"elementor-field-label elementor-screen-only\">\n\t\t\t\t\t\t\t\tT\u00e9l\u00e9phone\t\t\t\t\t\t\t<\/label>\n\t\t\t\t\t\t\t\t<input size=\"1\" type=\"tel\" name=\"form_fields[telephone]\" id=\"form-field-telephone\" class=\"elementor-field elementor-size-sm  elementor-field-textual\" placeholder=\"T\u00e9l\u00e9phone *\" required=\"required\" aria-required=\"true\" pattern=\"[0-9()#&amp;+*-=.]+\" title=\"Seuls les caract\u00e8res de num\u00e9ros de t\u00e9l\u00e9phone (#, -, *, etc.) sont accept\u00e9s.\">\n\n\t\t\t\t\t\t<\/div>\n\t\t\t\t\t\t\t\t<div class=\"elementor-field-type-text elementor-field-group elementor-column elementor-field-group-sujet elementor-col-100\">\n\t\t\t\t\t\t\t\t\t\t\t\t<label for=\"form-field-sujet\" class=\"elementor-field-label elementor-screen-only\">\n\t\t\t\t\t\t\t\tSujet\t\t\t\t\t\t\t<\/label>\n\t\t\t\t\t\t\t\t\t\t\t\t\t\t<input size=\"1\" type=\"text\" name=\"form_fields[sujet]\" id=\"form-field-sujet\" class=\"elementor-field elementor-size-sm  elementor-field-textual\" placeholder=\"Sujet\">\n\t\t\t\t\t\t\t\t\t\t\t<\/div>\n\t\t\t\t\t\t\t\t<div class=\"elementor-field-type-textarea elementor-field-group elementor-column elementor-field-group-message elementor-col-100\">\n\t\t\t\t\t\t\t\t\t\t\t\t<label for=\"form-field-message\" class=\"elementor-field-label elementor-screen-only\">\n\t\t\t\t\t\t\t\tMessage\t\t\t\t\t\t\t<\/label>\n\t\t\t\t\t\t<textarea class=\"elementor-field-textual elementor-field  elementor-size-sm\" name=\"form_fields[message]\" id=\"form-field-message\" rows=\"8\" placeholder=\"Votre message\"><\/textarea>\t\t\t\t<\/div>\n\t\t\t\t\t\t\t\t<div class=\"elementor-field-type-acceptance elementor-field-group elementor-column elementor-field-group-rgpd elementor-col-100 elementor-field-required\">\n\t\t\t\t\t\t\t\t\t\t\t\t<label for=\"form-field-rgpd\" class=\"elementor-field-label elementor-screen-only\">\n\t\t\t\t\t\t\t\tRGPD\t\t\t\t\t\t\t<\/label>\n\t\t\t\t\t\t\t\t<div class=\"elementor-field-subgroup\">\n\t\t\t<span class=\"elementor-field-option\">\n\t\t\t\t<input type=\"checkbox\" name=\"form_fields[rgpd]\" id=\"form-field-rgpd\" class=\"elementor-field elementor-size-sm  elementor-acceptance-field\" required=\"required\" aria-required=\"true\">\n\t\t\t\t<label for=\"form-field-rgpd\">En cochant cette case, vous acceptez d\u2019\u00eatre recontact\u00e9 par email, conform\u00e9ment \u00e0 notre <a href=\"https:\/\/www.mcmebourgogne.fr\/mentions-legales-politique-de-confidentialite.html\">Politique de Confidentialit\u00e9<\/a>.<\/label>\t\t\t<\/span>\n\t\t<\/div>\n\t\t\t\t\t\t<\/div>\n\t\t\t\t\t\t\t\t<div class=\"elementor-field-type-recaptcha elementor-field-group elementor-column elementor-field-group-capcha elementor-col-100\">\n\t\t\t\t\t<div class=\"elementor-field\" id=\"form-field-capcha\"><div class=\"elementor-g-recaptcha\" data-sitekey=\"6LcxZqUZAAAAAGRyeh-3LPBIrnsLoO6xUwobjHnw\" data-type=\"v2_checkbox\" data-theme=\"light\" data-size=\"normal\"><\/div><\/div>\t\t\t\t<\/div>\n\t\t\t\t\t\t\t\t<div class=\"elementor-field-group elementor-column elementor-field-type-submit elementor-col-100 e-form__buttons\">\n\t\t\t\t\t<button class=\"elementor-button elementor-size-md\" type=\"submit\">\n\t\t\t\t\t\t<span class=\"elementor-button-content-wrapper\">\n\t\t\t\t\t\t\t\t\t\t\t\t\t\t\t\t\t\t\t\t\t\t<span class=\"elementor-button-text\">Envoyer<\/span>\n\t\t\t\t\t\t\t\t\t\t\t\t\t<\/span>\n\t\t\t\t\t<\/button>\n\t\t\t\t<\/div>\n\t\t\t<\/div>\n\t\t<\/form>\n\t\t\t\t\t\t<\/div>\n\t\t\t\t<\/div>\n\t\t\t\t\t<\/div>\n\t\t<\/div>\n\t\t\t\t\t<\/div>\n\t\t<\/section>\n\t\t\t\t<\/div>\n\t\t","protected":false},"excerpt":{"rendered":"","protected":false},"author":1,"featured_media":0,"parent":0,"menu_order":0,"comment_status":"closed","ping_status":"closed","template":"","meta":{"_acf_changed":false,"footnotes":""},"class_list":["post-62","page","type-page","status-publish","hentry"],"acf":[],"yoast_head":"<!-- This site is optimized with the Yoast SEO plugin v26.8 - https:\/\/yoast.com\/product\/yoast-seo-wordpress\/ -->\n<title>Contact - Th\u00e8me Sport (ne pas supprimer)<\/title>\n<meta name=\"robots\" content=\"noindex, follow, max-snippet:-1, max-image-preview:large, max-video-preview:-1\" \/>\n<meta property=\"og:locale\" content=\"fr_FR\" \/>\n<meta property=\"og:type\" content=\"article\" \/>\n<meta property=\"og:title\" content=\"Contact - Th\u00e8me Sport (ne pas supprimer)\" \/>\n<meta property=\"og:url\" content=\"https:\/\/designs.cloud1.sbg.digilix.fr\/theme-sport\/contact.html\" \/>\n<meta property=\"og:site_name\" content=\"Th\u00e8me Sport (ne pas supprimer)\" \/>\n<meta property=\"article:modified_time\" content=\"2025-05-07T06:10:36+00:00\" \/>\n<meta name=\"twitter:card\" content=\"summary_large_image\" \/>\n<meta name=\"twitter:label1\" content=\"Dur\u00e9e de lecture estim\u00e9e\" \/>\n\t<meta name=\"twitter:data1\" content=\"1 minute\" \/>\n<script type=\"application\/ld+json\" class=\"yoast-schema-graph\">{\"@context\":\"https:\/\/schema.org\",\"@graph\":[{\"@type\":\"WebPage\",\"@id\":\"https:\/\/designs.cloud1.sbg.digilix.fr\/theme-sport\/contact.html\",\"url\":\"https:\/\/designs.cloud1.sbg.digilix.fr\/theme-sport\/contact.html\",\"name\":\"Contact - Th\u00e8me Sport (ne pas supprimer)\",\"isPartOf\":{\"@id\":\"https:\/\/designs.cloud1.sbg.digilix.fr\/theme-sport\/#website\"},\"datePublished\":\"2020-06-15T13:17:02+00:00\",\"dateModified\":\"2025-05-07T06:10:36+00:00\",\"breadcrumb\":{\"@id\":\"https:\/\/designs.cloud1.sbg.digilix.fr\/theme-sport\/contact.html#breadcrumb\"},\"inLanguage\":\"fr-FR\",\"potentialAction\":[{\"@type\":\"ReadAction\",\"target\":[\"https:\/\/designs.cloud1.sbg.digilix.fr\/theme-sport\/contact.html\"]}]},{\"@type\":\"BreadcrumbList\",\"@id\":\"https:\/\/designs.cloud1.sbg.digilix.fr\/theme-sport\/contact.html#breadcrumb\",\"itemListElement\":[{\"@type\":\"ListItem\",\"position\":1,\"name\":\"Accueil\",\"item\":\"https:\/\/designs.cloud1.sbg.digilix.fr\/theme-sport\/\"},{\"@type\":\"ListItem\",\"position\":2,\"name\":\"Contact\"}]},{\"@type\":\"WebSite\",\"@id\":\"https:\/\/designs.cloud1.sbg.digilix.fr\/theme-sport\/#website\",\"url\":\"https:\/\/designs.cloud1.sbg.digilix.fr\/theme-sport\/\",\"name\":\"Th\u00e8me Sport (ne pas supprimer)\",\"description\":\"Un site utilisant Les sites de Design Cloud Digilix\",\"potentialAction\":[{\"@type\":\"SearchAction\",\"target\":{\"@type\":\"EntryPoint\",\"urlTemplate\":\"https:\/\/designs.cloud1.sbg.digilix.fr\/theme-sport\/?s={search_term_string}\"},\"query-input\":{\"@type\":\"PropertyValueSpecification\",\"valueRequired\":true,\"valueName\":\"search_term_string\"}}],\"inLanguage\":\"fr-FR\"}]}<\/script>\n<!-- \/ Yoast SEO plugin. -->","yoast_head_json":{"title":"Contact - Th\u00e8me Sport (ne pas supprimer)","robots":{"index":"noindex","follow":"follow","max-snippet":"max-snippet:-1","max-image-preview":"max-image-preview:large","max-video-preview":"max-video-preview:-1"},"og_locale":"fr_FR","og_type":"article","og_title":"Contact - Th\u00e8me Sport (ne pas supprimer)","og_url":"https:\/\/designs.cloud1.sbg.digilix.fr\/theme-sport\/contact.html","og_site_name":"Th\u00e8me Sport (ne pas supprimer)","article_modified_time":"2025-05-07T06:10:36+00:00","twitter_card":"summary_large_image","twitter_misc":{"Dur\u00e9e de lecture estim\u00e9e":"1 minute"},"schema":{"@context":"https:\/\/schema.org","@graph":[{"@type":"WebPage","@id":"https:\/\/designs.cloud1.sbg.digilix.fr\/theme-sport\/contact.html","url":"https:\/\/designs.cloud1.sbg.digilix.fr\/theme-sport\/contact.html","name":"Contact - Th\u00e8me Sport (ne pas supprimer)","isPartOf":{"@id":"https:\/\/designs.cloud1.sbg.digilix.fr\/theme-sport\/#website"},"datePublished":"2020-06-15T13:17:02+00:00","dateModified":"2025-05-07T06:10:36+00:00","breadcrumb":{"@id":"https:\/\/designs.cloud1.sbg.digilix.fr\/theme-sport\/contact.html#breadcrumb"},"inLanguage":"fr-FR","potentialAction":[{"@type":"ReadAction","target":["https:\/\/designs.cloud1.sbg.digilix.fr\/theme-sport\/contact.html"]}]},{"@type":"BreadcrumbList","@id":"https:\/\/designs.cloud1.sbg.digilix.fr\/theme-sport\/contact.html#breadcrumb","itemListElement":[{"@type":"ListItem","position":1,"name":"Accueil","item":"https:\/\/designs.cloud1.sbg.digilix.fr\/theme-sport\/"},{"@type":"ListItem","position":2,"name":"Contact"}]},{"@type":"WebSite","@id":"https:\/\/designs.cloud1.sbg.digilix.fr\/theme-sport\/#website","url":"https:\/\/designs.cloud1.sbg.digilix.fr\/theme-sport\/","name":"Th\u00e8me Sport (ne pas supprimer)","description":"Un site utilisant Les sites de Design Cloud Digilix","potentialAction":[{"@type":"SearchAction","target":{"@type":"EntryPoint","urlTemplate":"https:\/\/designs.cloud1.sbg.digilix.fr\/theme-sport\/?s={search_term_string}"},"query-input":{"@type":"PropertyValueSpecification","valueRequired":true,"valueName":"search_term_string"}}],"inLanguage":"fr-FR"}]}},"_links":{"self":[{"href":"https:\/\/designs.cloud1.sbg.digilix.fr\/theme-sport\/wp-json\/wp\/v2\/pages\/62","targetHints":{"allow":["GET"]}}],"collection":[{"href":"https:\/\/designs.cloud1.sbg.digilix.fr\/theme-sport\/wp-json\/wp\/v2\/pages"}],"about":[{"href":"https:\/\/designs.cloud1.sbg.digilix.fr\/theme-sport\/wp-json\/wp\/v2\/types\/page"}],"author":[{"embeddable":true,"href":"https:\/\/designs.cloud1.sbg.digilix.fr\/theme-sport\/wp-json\/wp\/v2\/users\/1"}],"replies":[{"embeddable":true,"href":"https:\/\/designs.cloud1.sbg.digilix.fr\/theme-sport\/wp-json\/wp\/v2\/comments?post=62"}],"version-history":[{"count":0,"href":"https:\/\/designs.cloud1.sbg.digilix.fr\/theme-sport\/wp-json\/wp\/v2\/pages\/62\/revisions"}],"wp:attachment":[{"href":"https:\/\/designs.cloud1.sbg.digilix.fr\/theme-sport\/wp-json\/wp\/v2\/media?parent=62"}],"curies":[{"name":"wp","href":"https:\/\/api.w.org\/{rel}","templated":true}]}}